{"id":460,"date":"2023-04-18T08:05:50","date_gmt":"2023-04-18T08:05:50","guid":{"rendered":"https:\/\/xtra-delice.com\/product\/bissap\/"},"modified":"2023-04-18T08:43:32","modified_gmt":"2023-04-18T08:43:32","slug":"bissap","status":"publish","type":"product","link":"https:\/\/xtra-delice.com\/de\/produkt\/bissap\/","title":{"rendered":"Bissap"},"content":{"rendered":"<p>Bissap ist ein erfrischendes Getr\u00e4nk, das in Lab\u00e9 und anderen Teilen Westafrikas beliebt ist. Er wird aus getrockneten Hibiskusbl\u00fcten, Wasser und Zucker hergestellt. Bissap hat eine leuchtend rote Farbe und einen leicht s\u00e4uerlichen Geschmack. Er wird oft als Kaltgetr\u00e4nk serviert und kann nach Belieben ges\u00fc\u00dft werden. Bissap gilt als gesundes Getr\u00e4nk, weil es viele N\u00e4hrstoffe, darunter Vitamin C und Antioxidantien, enth\u00e4lt. Bissap ist ein hervorragender Durstl\u00f6scher an hei\u00dfen Tagen und wird auch oft auf Partys und bei geselligen Zusammenk\u00fcnften serviert.<\/p>\n","protected":false},"excerpt":{"rendered":"<p>Bissap im 250g Beutel<\/p>\n","protected":false},"featured_media":358,"comment_status":"open","ping_status":"closed","template":"","meta":[],"product_brand":[],"product_cat":[74],"product_tag":[],"class_list":{"0":"post-460","1":"product","2":"type-product","3":"status-publish","4":"has-post-thumbnail","6":"product_cat-keine-kategorie","8":"first","9":"instock","10":"shipping-taxable","11":"product-type-simple"},"_links":{"self":[{"href":"https:\/\/xtra-delice.com\/de\/wp-json\/wp\/v2\/product\/460","targetHints":{"allow":["GET"]}}],"collection":[{"href":"https:\/\/xtra-delice.com\/de\/wp-json\/wp\/v2\/product"}],"about":[{"href":"https:\/\/xtra-delice.com\/de\/wp-json\/wp\/v2\/types\/product"}],"replies":[{"embeddable":true,"href":"https:\/\/xtra-delice.com\/de\/wp-json\/wp\/v2\/comments?post=460"}],"version-history":[{"count":0,"href":"https:\/\/xtra-delice.com\/de\/wp-json\/wp\/v2\/product\/460\/revisions"}],"wp:featuredmedia":[{"embeddable":true,"href":"https:\/\/xtra-delice.com\/de\/wp-json\/wp\/v2\/media\/358"}],"wp:attachment":[{"href":"https:\/\/xtra-delice.com\/de\/wp-json\/wp\/v2\/media?parent=460"}],"wp:term":[{"taxonomy":"product_brand","embeddable":true,"href":"https:\/\/xtra-delice.com\/de\/wp-json\/wp\/v2\/product_brand?post=460"},{"taxonomy":"product_cat","embeddable":true,"href":"https:\/\/xtra-delice.com\/de\/wp-json\/wp\/v2\/product_cat?post=460"},{"taxonomy":"product_tag","embeddable":true,"href":"https:\/\/xtra-delice.com\/de\/wp-json\/wp\/v2\/product_tag?post=460"}],"curies":[{"name":"wp","href":"https:\/\/api.w.org\/{rel}","templated":true}]}}