{"id":612,"date":"2023-04-20T12:49:11","date_gmt":"2023-04-20T12:49:11","guid":{"rendered":"https:\/\/xtra-delice.com\/product\/maniok\/"},"modified":"2023-04-20T12:57:28","modified_gmt":"2023-04-20T12:57:28","slug":"maniok","status":"publish","type":"product","link":"https:\/\/xtra-delice.com\/de\/produkt\/maniok\/","title":{"rendered":"Maniok"},"content":{"rendered":"<p style=\"font-weight: 400;\">Cassava ist ein Strauch, der in S\u00fcdamerika beheimatet ist. Es waren die Portugiesen, die den Strauch mit Knollen nach Afrika brachten. Maniok wird daher auf diesen beiden Kontinenten am h\u00e4ufigsten gegessen. Cassava, auch Maniok genannt, braucht nicht viel, um gut zu wachsen, sogar fast kein Wasser. Knollen werden seit etwa 5.000 Jahren gegessen. Die Maniokwurzel ist recht gro\u00df und hat eine braune, etwas gl\u00e4nzende Schale. Wie die Kartoffel kann auch Maniok nicht roh verzehrt werden, da er Blaus\u00e4ure enth\u00e4lt, weshalb er verarbeitet werden muss. Dieser wird meist gerieben oder zu Mehl verarbeitet. Die Gerichte, die Sie mit Maniok zubereiten, m\u00fcssen einige Zeit gekocht oder gebraten werden.<\/p>\n","protected":false},"excerpt":{"rendered":"<p>Cassava ist ein Strauch, der in S\u00fcdamerika beheimatet ist. Es waren die Portugiesen, die den Strauch mit Knollen nach Afrika brachten. Maniok wird daher auf diesen beiden Kontinenten am h\u00e4ufigsten gegessen. Cassava, auch Maniok genannt, braucht nicht viel, um gut zu wachsen, sogar fast kein Wasser. Knollen werden seit etwa 5.000 Jahren gegessen. Die Maniokwurzel [&hellip;]<\/p>\n","protected":false},"featured_media":606,"comment_status":"open","ping_status":"closed","template":"","meta":[],"product_brand":[],"product_cat":[74],"product_tag":[],"class_list":{"0":"post-612","1":"product","2":"type-product","3":"status-publish","4":"has-post-thumbnail","6":"product_cat-keine-kategorie","8":"first","9":"instock","10":"shipping-taxable","11":"product-type-simple"},"_links":{"self":[{"href":"https:\/\/xtra-delice.com\/de\/wp-json\/wp\/v2\/product\/612","targetHints":{"allow":["GET"]}}],"collection":[{"href":"https:\/\/xtra-delice.com\/de\/wp-json\/wp\/v2\/product"}],"about":[{"href":"https:\/\/xtra-delice.com\/de\/wp-json\/wp\/v2\/types\/product"}],"replies":[{"embeddable":true,"href":"https:\/\/xtra-delice.com\/de\/wp-json\/wp\/v2\/comments?post=612"}],"version-history":[{"count":1,"href":"https:\/\/xtra-delice.com\/de\/wp-json\/wp\/v2\/product\/612\/revisions"}],"predecessor-version":[{"id":613,"href":"https:\/\/xtra-delice.com\/de\/wp-json\/wp\/v2\/product\/612\/revisions\/613"}],"wp:featuredmedia":[{"embeddable":true,"href":"https:\/\/xtra-delice.com\/de\/wp-json\/wp\/v2\/media\/606"}],"wp:attachment":[{"href":"https:\/\/xtra-delice.com\/de\/wp-json\/wp\/v2\/media?parent=612"}],"wp:term":[{"taxonomy":"product_brand","embeddable":true,"href":"https:\/\/xtra-delice.com\/de\/wp-json\/wp\/v2\/product_brand?post=612"},{"taxonomy":"product_cat","embeddable":true,"href":"https:\/\/xtra-delice.com\/de\/wp-json\/wp\/v2\/product_cat?post=612"},{"taxonomy":"product_tag","embeddable":true,"href":"https:\/\/xtra-delice.com\/de\/wp-json\/wp\/v2\/product_tag?post=612"}],"curies":[{"name":"wp","href":"https:\/\/api.w.org\/{rel}","templated":true}]}}