{"id":625,"date":"2023-04-21T10:49:57","date_gmt":"2023-04-21T10:49:57","guid":{"rendered":"https:\/\/xtra-delice.com\/product\/gari\/"},"modified":"2023-04-21T10:51:21","modified_gmt":"2023-04-21T10:51:21","slug":"gari","status":"publish","type":"product","link":"https:\/\/xtra-delice.com\/de\/produkt\/gari\/","title":{"rendered":"Gari"},"content":{"rendered":"<p style=\"font-weight: 400;\">Gari ist eine Art fermentiertes Maniokmehl, das in Westafrika beliebt ist. Es wird h\u00e4ufig zur Herstellung eines Grundnahrungsmittels namens eba verwendet, das durch Mischen von Gari mit hei\u00dfem Wasser zu einer teigartigen Konsistenz verarbeitet wird. Gari wird auch als W\u00fcrzmittel verwendet und oft zu Gerichten wie Bohnen oder Eintopf serviert. Gari wird aus Maniok hergestellt, einer in Afrika weit verbreiteten Knollenpflanze. Die Maniokpflanze wird gesch\u00e4lt, gerieben und dann in Wasser eingeweicht, um die St\u00e4rke zu extrahieren. Die St\u00e4rke wird dann getrocknet und zu feinem Mehl gemahlen, das dann fermentiert und ger\u00f6stet wird, um Gari herzustellen. Gari hat einen leicht sauren und leicht s\u00fc\u00dfen Geschmack und ist in vielen Teilen Westafrikas ein Grundnahrungsmittel.<\/p>\n","protected":false},"excerpt":{"rendered":"<p>Gari ist eine Art fermentiertes Maniokmehl, das in Westafrika beliebt ist. Es wird h\u00e4ufig zur Herstellung eines Grundnahrungsmittels namens eba verwendet, das durch Mischen von Gari mit hei\u00dfem Wasser zu einer teigartigen Konsistenz verarbeitet wird. Gari wird auch als W\u00fcrzmittel verwendet und oft zu Gerichten wie Bohnen oder Eintopf serviert. Gari wird aus Maniok hergestellt, [&hellip;]<\/p>\n","protected":false},"featured_media":630,"comment_status":"open","ping_status":"closed","template":"","meta":[],"product_brand":[],"product_cat":[74],"product_tag":[],"class_list":{"0":"post-625","1":"product","2":"type-product","3":"status-publish","4":"has-post-thumbnail","6":"product_cat-keine-kategorie","8":"first","9":"instock","10":"shipping-taxable","11":"product-type-simple"},"_links":{"self":[{"href":"https:\/\/xtra-delice.com\/de\/wp-json\/wp\/v2\/product\/625","targetHints":{"allow":["GET"]}}],"collection":[{"href":"https:\/\/xtra-delice.com\/de\/wp-json\/wp\/v2\/product"}],"about":[{"href":"https:\/\/xtra-delice.com\/de\/wp-json\/wp\/v2\/types\/product"}],"replies":[{"embeddable":true,"href":"https:\/\/xtra-delice.com\/de\/wp-json\/wp\/v2\/comments?post=625"}],"version-history":[{"count":1,"href":"https:\/\/xtra-delice.com\/de\/wp-json\/wp\/v2\/product\/625\/revisions"}],"predecessor-version":[{"id":626,"href":"https:\/\/xtra-delice.com\/de\/wp-json\/wp\/v2\/product\/625\/revisions\/626"}],"wp:featuredmedia":[{"embeddable":true,"href":"https:\/\/xtra-delice.com\/de\/wp-json\/wp\/v2\/media\/630"}],"wp:attachment":[{"href":"https:\/\/xtra-delice.com\/de\/wp-json\/wp\/v2\/media?parent=625"}],"wp:term":[{"taxonomy":"product_brand","embeddable":true,"href":"https:\/\/xtra-delice.com\/de\/wp-json\/wp\/v2\/product_brand?post=625"},{"taxonomy":"product_cat","embeddable":true,"href":"https:\/\/xtra-delice.com\/de\/wp-json\/wp\/v2\/product_cat?post=625"},{"taxonomy":"product_tag","embeddable":true,"href":"https:\/\/xtra-delice.com\/de\/wp-json\/wp\/v2\/product_tag?post=625"}],"curies":[{"name":"wp","href":"https:\/\/api.w.org\/{rel}","templated":true}]}}