{"id":641,"date":"2023-04-21T11:19:06","date_gmt":"2023-04-21T11:19:06","guid":{"rendered":"https:\/\/xtra-delice.com\/product\/kinkeliba\/"},"modified":"2023-04-21T12:04:29","modified_gmt":"2023-04-21T12:04:29","slug":"kinkeliba","status":"publish","type":"product","link":"https:\/\/xtra-delice.com\/de\/produkt\/kinkeliba\/","title":{"rendered":"Kinkeliba"},"content":{"rendered":"<p style=\"font-weight: 400;\">Kinkeliba ist eine Art Kr\u00e4utertee aus den Bl\u00e4ttern der Kinkeliba-Pflanze, die in Westafrika beheimatet ist. In L\u00e4ndern wie Senegal und Mauretanien wird er traditionell als nat\u00fcrliches Heilmittel f\u00fcr eine Vielzahl von Beschwerden verwendet und ist f\u00fcr seinen bitteren Geschmack bekannt. Er wird oft als Tee getrunken, der mit Zucker oder Honig ges\u00fc\u00dft wird, um die Bitterkeit auszugleichen. Die Kinkeliba-Pflanze ist auch unter anderen Namen bekannt, darunter &#8222;Kamelfu\u00df&#8220; und Cassia sieberiana.<\/p>\n","protected":false},"excerpt":{"rendered":"<p>Kinkeliba ist eine Art Kr\u00e4utertee aus den Bl\u00e4ttern der Kinkeliba-Pflanze, die in Westafrika beheimatet ist. In L\u00e4ndern wie Senegal und Mauretanien wird er traditionell als nat\u00fcrliches Heilmittel f\u00fcr eine Vielzahl von Beschwerden verwendet und ist f\u00fcr seinen bitteren Geschmack bekannt. Er wird oft als Tee getrunken, der mit Zucker oder Honig ges\u00fc\u00dft wird, um die [&hellip;]<\/p>\n","protected":false},"featured_media":694,"comment_status":"open","ping_status":"closed","template":"","meta":[],"product_brand":[],"product_cat":[74],"product_tag":[],"class_list":{"0":"post-641","1":"product","2":"type-product","3":"status-publish","4":"has-post-thumbnail","6":"product_cat-keine-kategorie","8":"first","9":"instock","10":"shipping-taxable","11":"product-type-simple"},"_links":{"self":[{"href":"https:\/\/xtra-delice.com\/de\/wp-json\/wp\/v2\/product\/641","targetHints":{"allow":["GET"]}}],"collection":[{"href":"https:\/\/xtra-delice.com\/de\/wp-json\/wp\/v2\/product"}],"about":[{"href":"https:\/\/xtra-delice.com\/de\/wp-json\/wp\/v2\/types\/product"}],"replies":[{"embeddable":true,"href":"https:\/\/xtra-delice.com\/de\/wp-json\/wp\/v2\/comments?post=641"}],"version-history":[{"count":1,"href":"https:\/\/xtra-delice.com\/de\/wp-json\/wp\/v2\/product\/641\/revisions"}],"predecessor-version":[{"id":642,"href":"https:\/\/xtra-delice.com\/de\/wp-json\/wp\/v2\/product\/641\/revisions\/642"}],"wp:featuredmedia":[{"embeddable":true,"href":"https:\/\/xtra-delice.com\/de\/wp-json\/wp\/v2\/media\/694"}],"wp:attachment":[{"href":"https:\/\/xtra-delice.com\/de\/wp-json\/wp\/v2\/media?parent=641"}],"wp:term":[{"taxonomy":"product_brand","embeddable":true,"href":"https:\/\/xtra-delice.com\/de\/wp-json\/wp\/v2\/product_brand?post=641"},{"taxonomy":"product_cat","embeddable":true,"href":"https:\/\/xtra-delice.com\/de\/wp-json\/wp\/v2\/product_cat?post=641"},{"taxonomy":"product_tag","embeddable":true,"href":"https:\/\/xtra-delice.com\/de\/wp-json\/wp\/v2\/product_tag?post=641"}],"curies":[{"name":"wp","href":"https:\/\/api.w.org\/{rel}","templated":true}]}}