{"id":653,"date":"2023-04-21T11:24:14","date_gmt":"2023-04-21T11:24:14","guid":{"rendered":"https:\/\/xtra-delice.com\/product\/suesskartoffelblaetter\/"},"modified":"2023-04-21T12:20:53","modified_gmt":"2023-04-21T12:20:53","slug":"suskartoffelblatter","status":"publish","type":"product","link":"https:\/\/xtra-delice.com\/de\/produkt\/suskartoffelblatter\/","title":{"rendered":"S\u00fc\u00df kartoffel bl\u00e4tter"},"content":{"rendered":"<p>S\u00fc\u00dfkartoffelbl\u00e4tter sind die Bl\u00e4tter der S\u00fc\u00dfkartoffelpflanze und werden in Teilen Afrikas, Asiens und Lateinamerikas h\u00e4ufig als Gem\u00fcse verzehrt. Diese Bl\u00e4tter sind reich an N\u00e4hrstoffen wie den Vitaminen A, C und K und enthalten auch Mineralien wie Eisen, Kalzium und Magnesium. Sie haben einen leicht s\u00fc\u00dfen und erdigen Geschmack und k\u00f6nnen ged\u00fcnstet, gebacken, gekocht oder zu Suppen und Eint\u00f6pfen hinzugef\u00fcgt werden. S\u00fc\u00dfkartoffelbl\u00e4tter sind eine gesunde und schmackhafte Erg\u00e4nzung zu Ihrer Ern\u00e4hrung.<\/p>\n","protected":false},"excerpt":{"rendered":"<p>S\u00fc\u00dfkartoffelbl\u00e4tter sind die Bl\u00e4tter der S\u00fc\u00dfkartoffelpflanze und werden in Teilen Afrikas, Asiens und Lateinamerikas h\u00e4ufig als Gem\u00fcse verzehrt. Diese Bl\u00e4tter sind reich an N\u00e4hrstoffen wie den Vitaminen A, C und K und enthalten auch Mineralien wie Eisen, Kalzium und Magnesium. Sie haben einen leicht s\u00fc\u00dfen und erdigen Geschmack und k\u00f6nnen ged\u00fcnstet, gebacken, gekocht oder zu [&hellip;]<\/p>\n","protected":false},"featured_media":647,"comment_status":"open","ping_status":"closed","template":"","meta":[],"product_brand":[],"product_cat":[74],"product_tag":[],"class_list":{"0":"post-653","1":"product","2":"type-product","3":"status-publish","4":"has-post-thumbnail","6":"product_cat-keine-kategorie","8":"first","9":"instock","10":"shipping-taxable","11":"product-type-simple"},"_links":{"self":[{"href":"https:\/\/xtra-delice.com\/de\/wp-json\/wp\/v2\/product\/653","targetHints":{"allow":["GET"]}}],"collection":[{"href":"https:\/\/xtra-delice.com\/de\/wp-json\/wp\/v2\/product"}],"about":[{"href":"https:\/\/xtra-delice.com\/de\/wp-json\/wp\/v2\/types\/product"}],"replies":[{"embeddable":true,"href":"https:\/\/xtra-delice.com\/de\/wp-json\/wp\/v2\/comments?post=653"}],"version-history":[{"count":3,"href":"https:\/\/xtra-delice.com\/de\/wp-json\/wp\/v2\/product\/653\/revisions"}],"predecessor-version":[{"id":713,"href":"https:\/\/xtra-delice.com\/de\/wp-json\/wp\/v2\/product\/653\/revisions\/713"}],"wp:featuredmedia":[{"embeddable":true,"href":"https:\/\/xtra-delice.com\/de\/wp-json\/wp\/v2\/media\/647"}],"wp:attachment":[{"href":"https:\/\/xtra-delice.com\/de\/wp-json\/wp\/v2\/media?parent=653"}],"wp:term":[{"taxonomy":"product_brand","embeddable":true,"href":"https:\/\/xtra-delice.com\/de\/wp-json\/wp\/v2\/product_brand?post=653"},{"taxonomy":"product_cat","embeddable":true,"href":"https:\/\/xtra-delice.com\/de\/wp-json\/wp\/v2\/product_cat?post=653"},{"taxonomy":"product_tag","embeddable":true,"href":"https:\/\/xtra-delice.com\/de\/wp-json\/wp\/v2\/product_tag?post=653"}],"curies":[{"name":"wp","href":"https:\/\/api.w.org\/{rel}","templated":true}]}}