{"id":671,"date":"2023-04-21T11:42:38","date_gmt":"2023-04-21T11:42:38","guid":{"rendered":"https:\/\/xtra-delice.com\/product\/piment-sec\/"},"modified":"2023-04-21T11:45:54","modified_gmt":"2023-04-21T11:45:54","slug":"piment-sec","status":"publish","type":"product","link":"https:\/\/xtra-delice.com\/de\/produkt\/piment-sec\/","title":{"rendered":"Piment Sec"},"content":{"rendered":"<p>Piment sec, auch bekannt als getrockneter Piment, ist ein in der afrikanischen K\u00fcche weit verbreitetes Gew\u00fcrz. Er wird aus den getrockneten Fr\u00fcchten des Pimentbaums hergestellt, der auch als Jamaikapfeffer bekannt ist. Piment hat einen warmen, w\u00fcrzigen Geschmack, der an eine Mischung aus Nelken, Muskatnuss und Zimt erinnert. Er wird h\u00e4ufig in Marinaden, Eint\u00f6pfen und Fleischgerichten verwendet und kann auch als Zutat in Gew\u00fcrzmischungen eingesetzt werden. Piment hat auch eine Reihe von gesundheitlichen Vorteilen, wie die Linderung von Verdauungsproblemen und die Verringerung von Entz\u00fcndungen.<\/p>\n","protected":false},"excerpt":{"rendered":"<p>Piment sec, auch bekannt als getrockneter Piment, ist ein in der afrikanischen K\u00fcche weit verbreitetes Gew\u00fcrz. Er wird aus den getrockneten Fr\u00fcchten des Pimentbaums hergestellt, der auch als Jamaikapfeffer bekannt ist. Piment hat einen warmen, w\u00fcrzigen Geschmack, der an eine Mischung aus Nelken, Muskatnuss und Zimt erinnert. Er wird h\u00e4ufig in Marinaden, Eint\u00f6pfen und Fleischgerichten [&hellip;]<\/p>\n","protected":false},"featured_media":664,"comment_status":"open","ping_status":"closed","template":"","meta":[],"product_brand":[],"product_cat":[74],"product_tag":[],"class_list":{"0":"post-671","1":"product","2":"type-product","3":"status-publish","4":"has-post-thumbnail","6":"product_cat-keine-kategorie","8":"first","9":"instock","10":"shipping-taxable","11":"product-type-simple"},"_links":{"self":[{"href":"https:\/\/xtra-delice.com\/de\/wp-json\/wp\/v2\/product\/671","targetHints":{"allow":["GET"]}}],"collection":[{"href":"https:\/\/xtra-delice.com\/de\/wp-json\/wp\/v2\/product"}],"about":[{"href":"https:\/\/xtra-delice.com\/de\/wp-json\/wp\/v2\/types\/product"}],"replies":[{"embeddable":true,"href":"https:\/\/xtra-delice.com\/de\/wp-json\/wp\/v2\/comments?post=671"}],"version-history":[{"count":1,"href":"https:\/\/xtra-delice.com\/de\/wp-json\/wp\/v2\/product\/671\/revisions"}],"predecessor-version":[{"id":672,"href":"https:\/\/xtra-delice.com\/de\/wp-json\/wp\/v2\/product\/671\/revisions\/672"}],"wp:featuredmedia":[{"embeddable":true,"href":"https:\/\/xtra-delice.com\/de\/wp-json\/wp\/v2\/media\/664"}],"wp:attachment":[{"href":"https:\/\/xtra-delice.com\/de\/wp-json\/wp\/v2\/media?parent=671"}],"wp:term":[{"taxonomy":"product_brand","embeddable":true,"href":"https:\/\/xtra-delice.com\/de\/wp-json\/wp\/v2\/product_brand?post=671"},{"taxonomy":"product_cat","embeddable":true,"href":"https:\/\/xtra-delice.com\/de\/wp-json\/wp\/v2\/product_cat?post=671"},{"taxonomy":"product_tag","embeddable":true,"href":"https:\/\/xtra-delice.com\/de\/wp-json\/wp\/v2\/product_tag?post=671"}],"curies":[{"name":"wp","href":"https:\/\/api.w.org\/{rel}","templated":true}]}}