{"id":683,"date":"2023-04-21T11:46:03","date_gmt":"2023-04-21T11:46:03","guid":{"rendered":"https:\/\/xtra-delice.com\/product\/maismehl\/"},"modified":"2023-04-21T11:49:52","modified_gmt":"2023-04-21T11:49:52","slug":"maismehl","status":"publish","type":"product","link":"https:\/\/xtra-delice.com\/de\/produkt\/maismehl\/","title":{"rendered":"Maismehl"},"content":{"rendered":"<p>Maismehl ist ein Mehl, das aus getrocknetem Mais hergestellt wird. In den K\u00fcchen Lateinamerikas, Afrikas und S\u00fcdostasiens wird es h\u00e4ufig zur Herstellung von Gerichten wie Tortillas, Tamales, Brei, Brot und Keksen verwendet. Er hat einen leicht s\u00fc\u00dfen Geschmack und eine feine Textur. Maismehl kann als glutenfreie Alternative zu Weizenmehl verwendet werden und ist reich an N\u00e4hrstoffen wie Ballaststoffen, Eiwei\u00df und Vitaminen. Es kann auch als Verdickungsmittel f\u00fcr Suppen und So\u00dfen verwendet werden. Maismehl ist eine vielseitige Zutat, die in vielen kulturellen K\u00fcchen der Welt eine wichtige Rolle spielt.<\/p>\n","protected":false},"excerpt":{"rendered":"<p>Maismehl ist ein Mehl, das aus getrocknetem Mais hergestellt wird. In den K\u00fcchen Lateinamerikas, Afrikas und S\u00fcdostasiens wird es h\u00e4ufig zur Herstellung von Gerichten wie Tortillas, Tamales, Brei, Brot und Keksen verwendet. Er hat einen leicht s\u00fc\u00dfen Geschmack und eine feine Textur. Maismehl kann als glutenfreie Alternative zu Weizenmehl verwendet werden und ist reich an [&hellip;]<\/p>\n","protected":false},"featured_media":677,"comment_status":"open","ping_status":"closed","template":"","meta":[],"product_brand":[],"product_cat":[74],"product_tag":[],"class_list":{"0":"post-683","1":"product","2":"type-product","3":"status-publish","4":"has-post-thumbnail","6":"product_cat-keine-kategorie","8":"first","9":"instock","10":"shipping-taxable","11":"product-type-simple"},"_links":{"self":[{"href":"https:\/\/xtra-delice.com\/de\/wp-json\/wp\/v2\/product\/683","targetHints":{"allow":["GET"]}}],"collection":[{"href":"https:\/\/xtra-delice.com\/de\/wp-json\/wp\/v2\/product"}],"about":[{"href":"https:\/\/xtra-delice.com\/de\/wp-json\/wp\/v2\/types\/product"}],"replies":[{"embeddable":true,"href":"https:\/\/xtra-delice.com\/de\/wp-json\/wp\/v2\/comments?post=683"}],"version-history":[{"count":1,"href":"https:\/\/xtra-delice.com\/de\/wp-json\/wp\/v2\/product\/683\/revisions"}],"predecessor-version":[{"id":684,"href":"https:\/\/xtra-delice.com\/de\/wp-json\/wp\/v2\/product\/683\/revisions\/684"}],"wp:featuredmedia":[{"embeddable":true,"href":"https:\/\/xtra-delice.com\/de\/wp-json\/wp\/v2\/media\/677"}],"wp:attachment":[{"href":"https:\/\/xtra-delice.com\/de\/wp-json\/wp\/v2\/media?parent=683"}],"wp:term":[{"taxonomy":"product_brand","embeddable":true,"href":"https:\/\/xtra-delice.com\/de\/wp-json\/wp\/v2\/product_brand?post=683"},{"taxonomy":"product_cat","embeddable":true,"href":"https:\/\/xtra-delice.com\/de\/wp-json\/wp\/v2\/product_cat?post=683"},{"taxonomy":"product_tag","embeddable":true,"href":"https:\/\/xtra-delice.com\/de\/wp-json\/wp\/v2\/product_tag?post=683"}],"curies":[{"name":"wp","href":"https:\/\/api.w.org\/{rel}","templated":true}]}}