{"id":459,"date":"2023-04-18T08:00:38","date_gmt":"2023-04-18T08:00:38","guid":{"rendered":"https:\/\/xtra-delice.com\/product\/fonio\/"},"modified":"2023-04-18T08:43:31","modified_gmt":"2023-04-18T08:43:31","slug":"fonio","status":"publish","type":"product","link":"https:\/\/xtra-delice.com\/fr\/produit\/fonio\/","title":{"rendered":"Fonio"},"content":{"rendered":"<p>Le fonio est une c\u00e9r\u00e9ale nutritive cultiv\u00e9e en Afrique de l&rsquo;Ouest depuis plus de 5 000 ans, y compris \u00e0 Lab\u00e9, une ville de Guin\u00e9e. Il s&rsquo;agit d&rsquo;une petite c\u00e9r\u00e9ale sans gluten, riche en prot\u00e9ines, en fibres et en vitamines et min\u00e9raux essentiels. Le fonio est \u00e9galement r\u00e9sistant \u00e0 la s\u00e9cheresse, ce qui en fait une source alimentaire importante dans les r\u00e9gions o\u00f9 l&rsquo;approvisionnement en eau est limit\u00e9. Il est souvent utilis\u00e9 dans la cuisine locale et peut remplacer le riz ou le couscous. Ces derni\u00e8res ann\u00e9es, le fonio a \u00e9galement gagn\u00e9 en popularit\u00e9 dans d&rsquo;autres parties du monde en raison de sa valeur nutritionnelle et de sa durabilit\u00e9.<\/p>\n","protected":false},"excerpt":{"rendered":"<p>Fonio en sachet de 500 grammes<\/p>\n","protected":false},"featured_media":372,"comment_status":"open","ping_status":"closed","template":"","meta":[],"product_brand":[],"product_cat":[73],"product_tag":[],"class_list":{"0":"post-459","1":"product","2":"type-product","3":"status-publish","4":"has-post-thumbnail","6":"product_cat-pas-de-categorie","8":"first","9":"instock","10":"shipping-taxable","11":"product-type-simple"},"_links":{"self":[{"href":"https:\/\/xtra-delice.com\/fr\/wp-json\/wp\/v2\/product\/459","targetHints":{"allow":["GET"]}}],"collection":[{"href":"https:\/\/xtra-delice.com\/fr\/wp-json\/wp\/v2\/product"}],"about":[{"href":"https:\/\/xtra-delice.com\/fr\/wp-json\/wp\/v2\/types\/product"}],"replies":[{"embeddable":true,"href":"https:\/\/xtra-delice.com\/fr\/wp-json\/wp\/v2\/comments?post=459"}],"version-history":[{"count":0,"href":"https:\/\/xtra-delice.com\/fr\/wp-json\/wp\/v2\/product\/459\/revisions"}],"wp:featuredmedia":[{"embeddable":true,"href":"https:\/\/xtra-delice.com\/fr\/wp-json\/wp\/v2\/media\/372"}],"wp:attachment":[{"href":"https:\/\/xtra-delice.com\/fr\/wp-json\/wp\/v2\/media?parent=459"}],"wp:term":[{"taxonomy":"product_brand","embeddable":true,"href":"https:\/\/xtra-delice.com\/fr\/wp-json\/wp\/v2\/product_brand?post=459"},{"taxonomy":"product_cat","embeddable":true,"href":"https:\/\/xtra-delice.com\/fr\/wp-json\/wp\/v2\/product_cat?post=459"},{"taxonomy":"product_tag","embeddable":true,"href":"https:\/\/xtra-delice.com\/fr\/wp-json\/wp\/v2\/product_tag?post=459"}],"curies":[{"name":"wp","href":"https:\/\/api.w.org\/{rel}","templated":true}]}}