{"id":622,"date":"2023-04-21T10:49:57","date_gmt":"2023-04-21T10:49:57","guid":{"rendered":"https:\/\/xtra-delice.com\/product\/gari\/"},"modified":"2023-04-21T10:51:20","modified_gmt":"2023-04-21T10:51:20","slug":"gari","status":"publish","type":"product","link":"https:\/\/xtra-delice.com\/fr\/produit\/gari\/","title":{"rendered":"Gari"},"content":{"rendered":"<p style=\"font-weight: 400;\">Le gari est un type de farine de manioc ferment\u00e9e populaire en Afrique de l&rsquo;Ouest. Il est souvent utilis\u00e9 pour pr\u00e9parer un aliment de base appel\u00e9 eba, que l&rsquo;on obtient en m\u00e9langeant du gari avec de l&rsquo;eau chaude pour obtenir une consistance semblable \u00e0 celle d&rsquo;une p\u00e2te. Le gari est \u00e9galement utilis\u00e9 comme condiment et est souvent servi avec des plats tels que les haricots ou le rago\u00fbt. Le gari est fabriqu\u00e9 \u00e0 partir de manioc, une plante tub\u00e9reuse largement cultiv\u00e9e en Afrique. Le manioc est \u00e9pluch\u00e9, r\u00e2p\u00e9 puis tremp\u00e9 dans l&rsquo;eau pour en extraire l&rsquo;amidon. L&rsquo;amidon est ensuite s\u00e9ch\u00e9 et moulu en une fine farine, qui est ensuite ferment\u00e9e et torr\u00e9fi\u00e9e pour produire le gari. Le gari a un go\u00fbt l\u00e9g\u00e8rement aigre et l\u00e9g\u00e8rement sucr\u00e9 et constitue un aliment de base dans de nombreuses r\u00e9gions d&rsquo;Afrique de l&rsquo;Ouest.<\/p>\n","protected":false},"excerpt":{"rendered":"<p>Le gari est un type de farine de manioc ferment\u00e9e populaire en Afrique de l&rsquo;Ouest. Il est souvent utilis\u00e9 pour pr\u00e9parer un aliment de base appel\u00e9 eba, que l&rsquo;on obtient en m\u00e9langeant du gari avec de l&rsquo;eau chaude pour obtenir une consistance semblable \u00e0 celle d&rsquo;une p\u00e2te. Le gari est \u00e9galement utilis\u00e9 comme condiment et [&hellip;]<\/p>\n","protected":false},"featured_media":629,"comment_status":"open","ping_status":"closed","template":"","meta":[],"product_brand":[],"product_cat":[73],"product_tag":[],"class_list":{"0":"post-622","1":"product","2":"type-product","3":"status-publish","4":"has-post-thumbnail","6":"product_cat-pas-de-categorie","8":"first","9":"instock","10":"shipping-taxable","11":"product-type-simple"},"_links":{"self":[{"href":"https:\/\/xtra-delice.com\/fr\/wp-json\/wp\/v2\/product\/622","targetHints":{"allow":["GET"]}}],"collection":[{"href":"https:\/\/xtra-delice.com\/fr\/wp-json\/wp\/v2\/product"}],"about":[{"href":"https:\/\/xtra-delice.com\/fr\/wp-json\/wp\/v2\/types\/product"}],"replies":[{"embeddable":true,"href":"https:\/\/xtra-delice.com\/fr\/wp-json\/wp\/v2\/comments?post=622"}],"version-history":[{"count":1,"href":"https:\/\/xtra-delice.com\/fr\/wp-json\/wp\/v2\/product\/622\/revisions"}],"predecessor-version":[{"id":624,"href":"https:\/\/xtra-delice.com\/fr\/wp-json\/wp\/v2\/product\/622\/revisions\/624"}],"wp:featuredmedia":[{"embeddable":true,"href":"https:\/\/xtra-delice.com\/fr\/wp-json\/wp\/v2\/media\/629"}],"wp:attachment":[{"href":"https:\/\/xtra-delice.com\/fr\/wp-json\/wp\/v2\/media?parent=622"}],"wp:term":[{"taxonomy":"product_brand","embeddable":true,"href":"https:\/\/xtra-delice.com\/fr\/wp-json\/wp\/v2\/product_brand?post=622"},{"taxonomy":"product_cat","embeddable":true,"href":"https:\/\/xtra-delice.com\/fr\/wp-json\/wp\/v2\/product_cat?post=622"},{"taxonomy":"product_tag","embeddable":true,"href":"https:\/\/xtra-delice.com\/fr\/wp-json\/wp\/v2\/product_tag?post=622"}],"curies":[{"name":"wp","href":"https:\/\/api.w.org\/{rel}","templated":true}]}}