{"id":639,"date":"2023-04-21T11:19:06","date_gmt":"2023-04-21T11:19:06","guid":{"rendered":"https:\/\/xtra-delice.com\/product\/kinkeliba\/"},"modified":"2023-04-21T12:11:23","modified_gmt":"2023-04-21T12:11:23","slug":"kinkeliba","status":"publish","type":"product","link":"https:\/\/xtra-delice.com\/fr\/produit\/kinkeliba\/","title":{"rendered":"Kinkeliba"},"content":{"rendered":"<p style=\"font-weight: 400;\">Le kink\u00e9liba est une sorte de tisane fabriqu\u00e9e \u00e0 partir des feuilles de la plante kink\u00e9liba, originaire d&rsquo;Afrique de l&rsquo;Ouest. Il est traditionnellement utilis\u00e9 dans des pays tels que le S\u00e9n\u00e9gal et la Mauritanie comme rem\u00e8de naturel pour une vari\u00e9t\u00e9 de maladies, et est connu pour son go\u00fbt amer. Il est souvent consomm\u00e9 sous forme de th\u00e9, sucr\u00e9 avec du sucre ou du miel pour compenser l&rsquo;amertume. La plante kinkeliba est \u00e9galement connue sous d&rsquo;autres noms, notamment \u00ab\u00a0pied de chameau\u00a0\u00bb et Cassia sieberiana.<\/p>\n","protected":false},"excerpt":{"rendered":"<p>Le kink\u00e9liba est une sorte de tisane fabriqu\u00e9e \u00e0 partir des feuilles de la plante kink\u00e9liba, originaire d&rsquo;Afrique de l&rsquo;Ouest. Il est traditionnellement utilis\u00e9 dans des pays tels que le S\u00e9n\u00e9gal et la Mauritanie comme rem\u00e8de naturel pour une vari\u00e9t\u00e9 de maladies, et est connu pour son go\u00fbt amer. Il est souvent consomm\u00e9 sous forme [&hellip;]<\/p>\n","protected":false},"featured_media":699,"comment_status":"open","ping_status":"closed","template":"","meta":[],"product_brand":[],"product_cat":[73],"product_tag":[],"class_list":{"0":"post-639","1":"product","2":"type-product","3":"status-publish","4":"has-post-thumbnail","6":"product_cat-pas-de-categorie","8":"first","9":"instock","10":"shipping-taxable","11":"product-type-simple"},"_links":{"self":[{"href":"https:\/\/xtra-delice.com\/fr\/wp-json\/wp\/v2\/product\/639","targetHints":{"allow":["GET"]}}],"collection":[{"href":"https:\/\/xtra-delice.com\/fr\/wp-json\/wp\/v2\/product"}],"about":[{"href":"https:\/\/xtra-delice.com\/fr\/wp-json\/wp\/v2\/types\/product"}],"replies":[{"embeddable":true,"href":"https:\/\/xtra-delice.com\/fr\/wp-json\/wp\/v2\/comments?post=639"}],"version-history":[{"count":1,"href":"https:\/\/xtra-delice.com\/fr\/wp-json\/wp\/v2\/product\/639\/revisions"}],"predecessor-version":[{"id":640,"href":"https:\/\/xtra-delice.com\/fr\/wp-json\/wp\/v2\/product\/639\/revisions\/640"}],"wp:featuredmedia":[{"embeddable":true,"href":"https:\/\/xtra-delice.com\/fr\/wp-json\/wp\/v2\/media\/699"}],"wp:attachment":[{"href":"https:\/\/xtra-delice.com\/fr\/wp-json\/wp\/v2\/media?parent=639"}],"wp:term":[{"taxonomy":"product_brand","embeddable":true,"href":"https:\/\/xtra-delice.com\/fr\/wp-json\/wp\/v2\/product_brand?post=639"},{"taxonomy":"product_cat","embeddable":true,"href":"https:\/\/xtra-delice.com\/fr\/wp-json\/wp\/v2\/product_cat?post=639"},{"taxonomy":"product_tag","embeddable":true,"href":"https:\/\/xtra-delice.com\/fr\/wp-json\/wp\/v2\/product_tag?post=639"}],"curies":[{"name":"wp","href":"https:\/\/api.w.org\/{rel}","templated":true}]}}