{"id":651,"date":"2023-04-21T11:24:14","date_gmt":"2023-04-21T11:24:14","guid":{"rendered":"https:\/\/xtra-delice.com\/product\/feuilles-de-patate-douce\/"},"modified":"2023-04-21T11:37:21","modified_gmt":"2023-04-21T11:37:21","slug":"feuilles-de-patate-douce","status":"publish","type":"product","link":"https:\/\/xtra-delice.com\/fr\/produit\/feuilles-de-patate-douce\/","title":{"rendered":"Feuilles de patate douce"},"content":{"rendered":"<p>Les feuilles de patate douce sont les feuilles du plant de patate douce et sont couramment consomm\u00e9es comme l\u00e9gume dans certaines r\u00e9gions d&rsquo;Afrique, d&rsquo;Asie et d&rsquo;Am\u00e9rique latine. Ces feuilles sont riches en nutriments tels que les vitamines A, C et K, et contiennent \u00e9galement des min\u00e9raux tels que le fer, le calcium et le magn\u00e9sium. Ils ont une saveur l\u00e9g\u00e8rement sucr\u00e9e et terreuse et peuvent \u00eatre cuits \u00e0 la vapeur, au four, bouillis ou ajout\u00e9s aux soupes et aux rago\u00fbts. Les feuilles de patate douce sont un compl\u00e9ment sain et savoureux \u00e0 votre r\u00e9gime alimentaire.<\/p>\n","protected":false},"excerpt":{"rendered":"<p>Les feuilles de patate douce sont les feuilles du plant de patate douce et sont couramment consomm\u00e9es comme l\u00e9gume dans certaines r\u00e9gions d&rsquo;Afrique, d&rsquo;Asie et d&rsquo;Am\u00e9rique latine. Ces feuilles sont riches en nutriments tels que les vitamines A, C et K, et contiennent \u00e9galement des min\u00e9raux tels que le fer, le calcium et le magn\u00e9sium. [&hellip;]<\/p>\n","protected":false},"featured_media":646,"comment_status":"open","ping_status":"closed","template":"","meta":[],"product_brand":[],"product_cat":[73],"product_tag":[],"class_list":{"0":"post-651","1":"product","2":"type-product","3":"status-publish","4":"has-post-thumbnail","6":"product_cat-pas-de-categorie","8":"first","9":"instock","10":"shipping-taxable","11":"product-type-simple"},"_links":{"self":[{"href":"https:\/\/xtra-delice.com\/fr\/wp-json\/wp\/v2\/product\/651","targetHints":{"allow":["GET"]}}],"collection":[{"href":"https:\/\/xtra-delice.com\/fr\/wp-json\/wp\/v2\/product"}],"about":[{"href":"https:\/\/xtra-delice.com\/fr\/wp-json\/wp\/v2\/types\/product"}],"replies":[{"embeddable":true,"href":"https:\/\/xtra-delice.com\/fr\/wp-json\/wp\/v2\/comments?post=651"}],"version-history":[{"count":1,"href":"https:\/\/xtra-delice.com\/fr\/wp-json\/wp\/v2\/product\/651\/revisions"}],"predecessor-version":[{"id":652,"href":"https:\/\/xtra-delice.com\/fr\/wp-json\/wp\/v2\/product\/651\/revisions\/652"}],"wp:featuredmedia":[{"embeddable":true,"href":"https:\/\/xtra-delice.com\/fr\/wp-json\/wp\/v2\/media\/646"}],"wp:attachment":[{"href":"https:\/\/xtra-delice.com\/fr\/wp-json\/wp\/v2\/media?parent=651"}],"wp:term":[{"taxonomy":"product_brand","embeddable":true,"href":"https:\/\/xtra-delice.com\/fr\/wp-json\/wp\/v2\/product_brand?post=651"},{"taxonomy":"product_cat","embeddable":true,"href":"https:\/\/xtra-delice.com\/fr\/wp-json\/wp\/v2\/product_cat?post=651"},{"taxonomy":"product_tag","embeddable":true,"href":"https:\/\/xtra-delice.com\/fr\/wp-json\/wp\/v2\/product_tag?post=651"}],"curies":[{"name":"wp","href":"https:\/\/api.w.org\/{rel}","templated":true}]}}