{"id":669,"date":"2023-04-21T11:42:38","date_gmt":"2023-04-21T11:42:38","guid":{"rendered":"https:\/\/xtra-delice.com\/product\/piment-de-la-jamaique-sec\/"},"modified":"2023-04-21T11:53:24","modified_gmt":"2023-04-21T11:53:24","slug":"piment-sec","status":"publish","type":"product","link":"https:\/\/xtra-delice.com\/fr\/produit\/piment-sec\/","title":{"rendered":"Piment Sec"},"content":{"rendered":"<p>Le piment de la Jama\u00efque, \u00e9galement connu sous le nom de piment de la Jama\u00efque s\u00e9ch\u00e9, est une \u00e9pice largement utilis\u00e9e dans la cuisine africaine. Il est fabriqu\u00e9 \u00e0 partir des fruits s\u00e9ch\u00e9s du piment de la Jama\u00efque, \u00e9galement connu sous le nom de poivre de la Jama\u00efque. Le quatre-\u00e9pices a une saveur chaude et \u00e9pic\u00e9e qui rappelle un m\u00e9lange de clous de girofle, de noix de muscade et de cannelle. Il est souvent utilis\u00e9 dans les marinades, les rago\u00fbts et les plats de viande, et peut \u00e9galement \u00eatre utilis\u00e9 comme ingr\u00e9dient dans les m\u00e9langes d&rsquo;\u00e9pices. Le piment de la Jama\u00efque pr\u00e9sente \u00e9galement un certain nombre d&rsquo;avantages pour la sant\u00e9, tels que le soulagement des probl\u00e8mes digestifs et la r\u00e9duction de l&rsquo;inflammation.<\/p>\n","protected":false},"excerpt":{"rendered":"<p>Le piment de la Jama\u00efque, \u00e9galement connu sous le nom de piment de la Jama\u00efque s\u00e9ch\u00e9, est une \u00e9pice largement utilis\u00e9e dans la cuisine africaine. Il est fabriqu\u00e9 \u00e0 partir des fruits s\u00e9ch\u00e9s du piment de la Jama\u00efque, \u00e9galement connu sous le nom de poivre de la Jama\u00efque. Le quatre-\u00e9pices a une saveur chaude et [&hellip;]<\/p>\n","protected":false},"featured_media":663,"comment_status":"open","ping_status":"closed","template":"","meta":[],"product_brand":[],"product_cat":[73],"product_tag":[],"class_list":{"0":"post-669","1":"product","2":"type-product","3":"status-publish","4":"has-post-thumbnail","6":"product_cat-pas-de-categorie","8":"first","9":"instock","10":"shipping-taxable","11":"product-type-simple"},"_links":{"self":[{"href":"https:\/\/xtra-delice.com\/fr\/wp-json\/wp\/v2\/product\/669","targetHints":{"allow":["GET"]}}],"collection":[{"href":"https:\/\/xtra-delice.com\/fr\/wp-json\/wp\/v2\/product"}],"about":[{"href":"https:\/\/xtra-delice.com\/fr\/wp-json\/wp\/v2\/types\/product"}],"replies":[{"embeddable":true,"href":"https:\/\/xtra-delice.com\/fr\/wp-json\/wp\/v2\/comments?post=669"}],"version-history":[{"count":2,"href":"https:\/\/xtra-delice.com\/fr\/wp-json\/wp\/v2\/product\/669\/revisions"}],"predecessor-version":[{"id":685,"href":"https:\/\/xtra-delice.com\/fr\/wp-json\/wp\/v2\/product\/669\/revisions\/685"}],"wp:featuredmedia":[{"embeddable":true,"href":"https:\/\/xtra-delice.com\/fr\/wp-json\/wp\/v2\/media\/663"}],"wp:attachment":[{"href":"https:\/\/xtra-delice.com\/fr\/wp-json\/wp\/v2\/media?parent=669"}],"wp:term":[{"taxonomy":"product_brand","embeddable":true,"href":"https:\/\/xtra-delice.com\/fr\/wp-json\/wp\/v2\/product_brand?post=669"},{"taxonomy":"product_cat","embeddable":true,"href":"https:\/\/xtra-delice.com\/fr\/wp-json\/wp\/v2\/product_cat?post=669"},{"taxonomy":"product_tag","embeddable":true,"href":"https:\/\/xtra-delice.com\/fr\/wp-json\/wp\/v2\/product_tag?post=669"}],"curies":[{"name":"wp","href":"https:\/\/api.w.org\/{rel}","templated":true}]}}