{"id":681,"date":"2023-04-21T11:46:03","date_gmt":"2023-04-21T11:46:03","guid":{"rendered":"https:\/\/xtra-delice.com\/product\/farine-de-mais\/"},"modified":"2023-04-21T11:49:51","modified_gmt":"2023-04-21T11:49:51","slug":"farine-de-mais","status":"publish","type":"product","link":"https:\/\/xtra-delice.com\/fr\/produit\/farine-de-mais\/","title":{"rendered":"Farine de ma\u00efs"},"content":{"rendered":"<p>La farine de ma\u00efs est une farine fabriqu\u00e9e \u00e0 partir de ma\u00efs s\u00e9ch\u00e9. Il est souvent utilis\u00e9 dans les cuisines d&rsquo;Am\u00e9rique latine, d&rsquo;Afrique et d&rsquo;Asie du Sud-Est pour pr\u00e9parer des plats tels que des tortillas, des tamales, des bouillies, du pain et des biscuits. Il a un go\u00fbt l\u00e9g\u00e8rement sucr\u00e9 et une texture fine. La farine de ma\u00efs peut \u00eatre utilis\u00e9e comme alternative sans gluten \u00e0 la farine de bl\u00e9 et est riche en nutriments tels que les fibres, les prot\u00e9ines et les vitamines. Il peut \u00e9galement \u00eatre utilis\u00e9 comme \u00e9paississant pour les soupes et les sauces. La farine de ma\u00efs est un ingr\u00e9dient polyvalent qui joue un r\u00f4le important dans de nombreuses cuisines du monde.<\/p>\n","protected":false},"excerpt":{"rendered":"<p>La farine de ma\u00efs est une farine fabriqu\u00e9e \u00e0 partir de ma\u00efs s\u00e9ch\u00e9. Il est souvent utilis\u00e9 dans les cuisines d&rsquo;Am\u00e9rique latine, d&rsquo;Afrique et d&rsquo;Asie du Sud-Est pour pr\u00e9parer des plats tels que des tortillas, des tamales, des bouillies, du pain et des biscuits. Il a un go\u00fbt l\u00e9g\u00e8rement sucr\u00e9 et une texture fine. La [&hellip;]<\/p>\n","protected":false},"featured_media":676,"comment_status":"open","ping_status":"closed","template":"","meta":[],"product_brand":[],"product_cat":[73],"product_tag":[],"class_list":{"0":"post-681","1":"product","2":"type-product","3":"status-publish","4":"has-post-thumbnail","6":"product_cat-pas-de-categorie","8":"first","9":"instock","10":"shipping-taxable","11":"product-type-simple"},"_links":{"self":[{"href":"https:\/\/xtra-delice.com\/fr\/wp-json\/wp\/v2\/product\/681","targetHints":{"allow":["GET"]}}],"collection":[{"href":"https:\/\/xtra-delice.com\/fr\/wp-json\/wp\/v2\/product"}],"about":[{"href":"https:\/\/xtra-delice.com\/fr\/wp-json\/wp\/v2\/types\/product"}],"replies":[{"embeddable":true,"href":"https:\/\/xtra-delice.com\/fr\/wp-json\/wp\/v2\/comments?post=681"}],"version-history":[{"count":1,"href":"https:\/\/xtra-delice.com\/fr\/wp-json\/wp\/v2\/product\/681\/revisions"}],"predecessor-version":[{"id":682,"href":"https:\/\/xtra-delice.com\/fr\/wp-json\/wp\/v2\/product\/681\/revisions\/682"}],"wp:featuredmedia":[{"embeddable":true,"href":"https:\/\/xtra-delice.com\/fr\/wp-json\/wp\/v2\/media\/676"}],"wp:attachment":[{"href":"https:\/\/xtra-delice.com\/fr\/wp-json\/wp\/v2\/media?parent=681"}],"wp:term":[{"taxonomy":"product_brand","embeddable":true,"href":"https:\/\/xtra-delice.com\/fr\/wp-json\/wp\/v2\/product_brand?post=681"},{"taxonomy":"product_cat","embeddable":true,"href":"https:\/\/xtra-delice.com\/fr\/wp-json\/wp\/v2\/product_cat?post=681"},{"taxonomy":"product_tag","embeddable":true,"href":"https:\/\/xtra-delice.com\/fr\/wp-json\/wp\/v2\/product_tag?post=681"}],"curies":[{"name":"wp","href":"https:\/\/api.w.org\/{rel}","templated":true}]}}